{"id":1672,"date":"2024-02-08T12:04:15","date_gmt":"2024-02-08T10:04:15","guid":{"rendered":"https:\/\/vanrentalthessaloniki.gr\/sicherheit-von-transaktionen\/"},"modified":"2024-02-29T18:03:50","modified_gmt":"2024-02-29T16:03:50","slug":"sicherheit-von-transaktionen","status":"publish","type":"page","link":"https:\/\/vanrentalthessaloniki.gr\/de\/sicherheit-von-transaktionen\/","title":{"rendered":"Sicherheit von Transaktionen"},"content":{"rendered":"\t\t<div data-elementor-type=\"wp-page\" data-elementor-id=\"1672\" class=\"elementor elementor-1672 elementor-976\">\n\t\t\t\t<div class=\"elementor-element elementor-element-d87f5b2 e-flex e-con-boxed e-con e-parent\" data-id=\"d87f5b2\" data-element_type=\"container\" data-e-type=\"container\" data-settings=\"{&quot;background_background&quot;:&quot;gradient&quot;,&quot;shape_divider_bottom&quot;:&quot;opacity-tilt&quot;}\">\n\t\t\t\t\t<div class=\"e-con-inner\">\n\t\t\t\t<div class=\"elementor-shape elementor-shape-bottom\" aria-hidden=\"true\" data-negative=\"false\">\n\t\t\t<svg xmlns=\"http:\/\/www.w3.org\/2000\/svg\" viewBox=\"0 0 2600 131.1\" preserveAspectRatio=\"none\">\n\t<path class=\"elementor-shape-fill\" d=\"M0 0L2600 0 2600 69.1 0 0z\"\/>\n\t<path class=\"elementor-shape-fill\" style=\"opacity:0.5\" d=\"M0 0L2600 0 2600 69.1 0 69.1z\"\/>\n\t<path class=\"elementor-shape-fill\" style=\"opacity:0.25\" d=\"M2600 0L0 0 0 130.1 2600 69.1z\"\/>\n<\/svg>\t\t<\/div>\n\t\t\t\t<div class=\"elementor-element elementor-element-51b0b3e elementor-widget elementor-widget-heading\" data-id=\"51b0b3e\" data-element_type=\"widget\" data-e-type=\"widget\" data-widget_type=\"heading.default\">\n\t\t\t\t<div class=\"elementor-widget-container\">\n\t\t\t\t\t<h2 class=\"elementor-heading-title elementor-size-default\">Sicherheit von Transaktionen\n<\/h2>\t\t\t\t<\/div>\n\t\t\t\t<\/div>\n\t\t\t\t\t<\/div>\n\t\t\t\t<\/div>\n\t\t<div class=\"elementor-element elementor-element-2f257b8 e-flex e-con-boxed e-con e-parent\" data-id=\"2f257b8\" data-element_type=\"container\" data-e-type=\"container\">\n\t\t\t\t\t<div class=\"e-con-inner\">\n\t\t\t\t<div class=\"elementor-element elementor-element-b8aaf48 elementor-widget elementor-widget-text-editor\" data-id=\"b8aaf48\" data-element_type=\"widget\" data-e-type=\"widget\" data-widget_type=\"text-editor.default\">\n\t\t\t\t<div class=\"elementor-widget-container\">\n\t\t\t\t\t\t\t\t\t<h1>Sicherheit von Transaktionen<\/h1>\n<p>Alle Kartenzahlungen werden \u00fcber die elektronische Zahlungsplattform &#8222;Alpha e-Commerce&#8220; der Alpha Bank abgewickelt, die TLS 1.2-Verschl\u00fcsselung mit 128-Bit-Verschl\u00fcsselungsprotokoll (Secure Sockets Layer &#8211; SSL) verwendet. Bei der Verschl\u00fcsselung werden Informationen so lange verschl\u00fcsselt, bis sie den vorgesehenen Empf\u00e4nger erreichen, der sie mit dem entsprechenden Schl\u00fcssel entschl\u00fcsseln kann.<\/p>\n<p>Das sichere Kommunikationssystem von <a href=\"https:\/\/vanrentalthessaloniki.gr\/de\/\">vanrentalthessaloniki.gr<\/a> ist zertifiziert, und die Kreditkartentransaktionen werden \u00fcber das Sicherheitssystem der Alpha Bank abgewickelt.<\/p>\n\t\t\t\t\t\t\t\t<\/div>\n\t\t\t\t<\/div>\n\t\t\t\t\t<\/div>\n\t\t\t\t<\/div>\n\t\t\t\t<\/div>\n\t\t","protected":false},"excerpt":{"rendered":"<p>Sicherheit von Transaktionen Sicherheit von Transaktionen Alle Kartenzahlungen werden \u00fcber die elektronische Zahlungsplattform &#8222;Alpha e-Commerce&#8220; der Alpha Bank abgewickelt, die TLS 1.2-Verschl\u00fcsselung mit 128-Bit-Verschl\u00fcsselungsprotokoll (Secure Sockets Layer &#8211; SSL) verwendet. Bei der Verschl\u00fcsselung werden Informationen so lange verschl\u00fcsselt, bis sie den vorgesehenen Empf\u00e4nger erreichen, der sie mit dem entsprechenden Schl\u00fcssel entschl\u00fcsseln kann. Das sichere Kommunikationssystem [&hellip;]<\/p>\n","protected":false},"author":1,"featured_media":0,"parent":0,"menu_order":0,"comment_status":"closed","ping_status":"closed","template":"elementor_header_footer","meta":{"footnotes":""},"class_list":["post-1672","page","type-page","status-publish","hentry"],"blocksy_meta":[],"yoast_head":"<!-- This site is optimized with the Yoast SEO plugin v27.2 - https:\/\/yoast.com\/product\/yoast-seo-wordpress\/ -->\n<title>Sicherheit von Transaktionen - \u0395\u03bd\u03bf\u03b9\u03ba\u03b9\u03ac\u03c3\u03b5\u03b9\u03c2 \u03a6\u03bf\u03c1\u03c4\u03b7\u03b3\u03ce\u03bd \u0392\u03b1\u03bd | Van Rental Thessaloniki<\/title>\n<meta name=\"robots\" content=\"index, follow, max-snippet:-1, max-image-preview:large, max-video-preview:-1\" \/>\n<link rel=\"canonical\" href=\"https:\/\/vanrentalthessaloniki.gr\/de\/sicherheit-von-transaktionen\/\" \/>\n<meta property=\"og:locale\" content=\"de_DE\" \/>\n<meta property=\"og:type\" content=\"article\" \/>\n<meta property=\"og:title\" content=\"Sicherheit von Transaktionen - \u0395\u03bd\u03bf\u03b9\u03ba\u03b9\u03ac\u03c3\u03b5\u03b9\u03c2 \u03a6\u03bf\u03c1\u03c4\u03b7\u03b3\u03ce\u03bd \u0392\u03b1\u03bd | Van Rental Thessaloniki\" \/>\n<meta property=\"og:description\" content=\"Sicherheit von Transaktionen Sicherheit von Transaktionen Alle Kartenzahlungen werden \u00fcber die elektronische Zahlungsplattform &#8222;Alpha e-Commerce&#8220; der Alpha Bank abgewickelt, die TLS 1.2-Verschl\u00fcsselung mit 128-Bit-Verschl\u00fcsselungsprotokoll (Secure Sockets Layer &#8211; SSL) verwendet. Bei der Verschl\u00fcsselung werden Informationen so lange verschl\u00fcsselt, bis sie den vorgesehenen Empf\u00e4nger erreichen, der sie mit dem entsprechenden Schl\u00fcssel entschl\u00fcsseln kann. Das sichere Kommunikationssystem [&hellip;]\" \/>\n<meta property=\"og:url\" content=\"https:\/\/vanrentalthessaloniki.gr\/de\/sicherheit-von-transaktionen\/\" \/>\n<meta property=\"og:site_name\" content=\"\u0395\u03bd\u03bf\u03b9\u03ba\u03b9\u03ac\u03c3\u03b5\u03b9\u03c2 \u03a6\u03bf\u03c1\u03c4\u03b7\u03b3\u03ce\u03bd \u0392\u03b1\u03bd | Van Rental Thessaloniki\" \/>\n<meta property=\"article:modified_time\" content=\"2024-02-29T16:03:50+00:00\" \/>\n<meta name=\"twitter:card\" content=\"summary_large_image\" \/>\n<script type=\"application\/ld+json\" class=\"yoast-schema-graph\">{\"@context\":\"https:\/\/schema.org\",\"@graph\":[{\"@type\":\"WebPage\",\"@id\":\"https:\/\/vanrentalthessaloniki.gr\/de\/sicherheit-von-transaktionen\/\",\"url\":\"https:\/\/vanrentalthessaloniki.gr\/de\/sicherheit-von-transaktionen\/\",\"name\":\"Sicherheit von Transaktionen - \u0395\u03bd\u03bf\u03b9\u03ba\u03b9\u03ac\u03c3\u03b5\u03b9\u03c2 \u03a6\u03bf\u03c1\u03c4\u03b7\u03b3\u03ce\u03bd \u0392\u03b1\u03bd | Van Rental Thessaloniki\",\"isPartOf\":{\"@id\":\"https:\/\/vanrentalthessaloniki.gr\/de\/#website\"},\"datePublished\":\"2024-02-08T10:04:15+00:00\",\"dateModified\":\"2024-02-29T16:03:50+00:00\",\"breadcrumb\":{\"@id\":\"https:\/\/vanrentalthessaloniki.gr\/de\/sicherheit-von-transaktionen\/#breadcrumb\"},\"inLanguage\":\"de\",\"potentialAction\":[{\"@type\":\"ReadAction\",\"target\":[\"https:\/\/vanrentalthessaloniki.gr\/de\/sicherheit-von-transaktionen\/\"]}]},{\"@type\":\"BreadcrumbList\",\"@id\":\"https:\/\/vanrentalthessaloniki.gr\/de\/sicherheit-von-transaktionen\/#breadcrumb\",\"itemListElement\":[{\"@type\":\"ListItem\",\"position\":1,\"name\":\"\u0391\u03c1\u03c7\u03b9\u03ba\u03ae\",\"item\":\"https:\/\/vanrentalthessaloniki.gr\/de\/\"},{\"@type\":\"ListItem\",\"position\":2,\"name\":\"Sicherheit von Transaktionen\"}]},{\"@type\":\"WebSite\",\"@id\":\"https:\/\/vanrentalthessaloniki.gr\/de\/#website\",\"url\":\"https:\/\/vanrentalthessaloniki.gr\/de\/\",\"name\":\"\u0395\u03bd\u03bf\u03b9\u03ba\u03b9\u03ac\u03c3\u03b5\u03b9\u03c2 \u03a6\u03bf\u03c1\u03c4\u03b7\u03b3\u03ce\u03bd \u0392\u03b1\u03bd | Van Rental Thessaloniki\",\"description\":\"\u0395\u03bd\u03bf\u03b9\u03ba\u03b9\u03ac\u03c3\u03b5\u03b9\u03c2 \u03a6\u03bf\u03c1\u03c4\u03b7\u03b3\u03ce\u03bd \u0392\u03b1\u03bd, \u03a8\u03c5\u03b3\u03b5\u03af\u03c9\u03bd \u03ba\u03b1\u03b9 \u03b1\u03bd\u03bf\u03b9\u03c7\u03c4\u03ad\u03c2 \u03ba\u03b1\u03c1\u03cc\u03c4\u03c3\u03b5\u03c2\",\"publisher\":{\"@id\":\"https:\/\/vanrentalthessaloniki.gr\/de\/#organization\"},\"potentialAction\":[{\"@type\":\"SearchAction\",\"target\":{\"@type\":\"EntryPoint\",\"urlTemplate\":\"https:\/\/vanrentalthessaloniki.gr\/de\/?s={search_term_string}\"},\"query-input\":{\"@type\":\"PropertyValueSpecification\",\"valueRequired\":true,\"valueName\":\"search_term_string\"}}],\"inLanguage\":\"de\"},{\"@type\":\"Organization\",\"@id\":\"https:\/\/vanrentalthessaloniki.gr\/de\/#organization\",\"name\":\"\u0395\u03bd\u03bf\u03b9\u03ba\u03b9\u03ac\u03c3\u03b5\u03b9\u03c2 \u03a6\u03bf\u03c1\u03c4\u03b7\u03b3\u03ce\u03bd \u0392\u03b1\u03bd | Van Rental Thessaloniki\",\"url\":\"https:\/\/vanrentalthessaloniki.gr\/de\/\",\"logo\":{\"@type\":\"ImageObject\",\"inLanguage\":\"de\",\"@id\":\"https:\/\/vanrentalthessaloniki.gr\/de\/#\/schema\/logo\/image\/\",\"url\":\"https:\/\/vanrentalthessaloniki.gr\/wp-content\/uploads\/2024\/02\/Logo-VanRentalThessaloniki-Skg-1.png\",\"contentUrl\":\"https:\/\/vanrentalthessaloniki.gr\/wp-content\/uploads\/2024\/02\/Logo-VanRentalThessaloniki-Skg-1.png\",\"width\":964,\"height\":259,\"caption\":\"\u0395\u03bd\u03bf\u03b9\u03ba\u03b9\u03ac\u03c3\u03b5\u03b9\u03c2 \u03a6\u03bf\u03c1\u03c4\u03b7\u03b3\u03ce\u03bd \u0392\u03b1\u03bd | Van Rental Thessaloniki\"},\"image\":{\"@id\":\"https:\/\/vanrentalthessaloniki.gr\/de\/#\/schema\/logo\/image\/\"}}]}<\/script>\n<!-- \/ Yoast SEO plugin. -->","yoast_head_json":{"title":"Sicherheit von Transaktionen - \u0395\u03bd\u03bf\u03b9\u03ba\u03b9\u03ac\u03c3\u03b5\u03b9\u03c2 \u03a6\u03bf\u03c1\u03c4\u03b7\u03b3\u03ce\u03bd \u0392\u03b1\u03bd | Van Rental Thessaloniki","robots":{"index":"index","follow":"follow","max-snippet":"max-snippet:-1","max-image-preview":"max-image-preview:large","max-video-preview":"max-video-preview:-1"},"canonical":"https:\/\/vanrentalthessaloniki.gr\/de\/sicherheit-von-transaktionen\/","og_locale":"de_DE","og_type":"article","og_title":"Sicherheit von Transaktionen - \u0395\u03bd\u03bf\u03b9\u03ba\u03b9\u03ac\u03c3\u03b5\u03b9\u03c2 \u03a6\u03bf\u03c1\u03c4\u03b7\u03b3\u03ce\u03bd \u0392\u03b1\u03bd | Van Rental Thessaloniki","og_description":"Sicherheit von Transaktionen Sicherheit von Transaktionen Alle Kartenzahlungen werden \u00fcber die elektronische Zahlungsplattform &#8222;Alpha e-Commerce&#8220; der Alpha Bank abgewickelt, die TLS 1.2-Verschl\u00fcsselung mit 128-Bit-Verschl\u00fcsselungsprotokoll (Secure Sockets Layer &#8211; SSL) verwendet. Bei der Verschl\u00fcsselung werden Informationen so lange verschl\u00fcsselt, bis sie den vorgesehenen Empf\u00e4nger erreichen, der sie mit dem entsprechenden Schl\u00fcssel entschl\u00fcsseln kann. Das sichere Kommunikationssystem [&hellip;]","og_url":"https:\/\/vanrentalthessaloniki.gr\/de\/sicherheit-von-transaktionen\/","og_site_name":"\u0395\u03bd\u03bf\u03b9\u03ba\u03b9\u03ac\u03c3\u03b5\u03b9\u03c2 \u03a6\u03bf\u03c1\u03c4\u03b7\u03b3\u03ce\u03bd \u0392\u03b1\u03bd | Van Rental Thessaloniki","article_modified_time":"2024-02-29T16:03:50+00:00","twitter_card":"summary_large_image","schema":{"@context":"https:\/\/schema.org","@graph":[{"@type":"WebPage","@id":"https:\/\/vanrentalthessaloniki.gr\/de\/sicherheit-von-transaktionen\/","url":"https:\/\/vanrentalthessaloniki.gr\/de\/sicherheit-von-transaktionen\/","name":"Sicherheit von Transaktionen - \u0395\u03bd\u03bf\u03b9\u03ba\u03b9\u03ac\u03c3\u03b5\u03b9\u03c2 \u03a6\u03bf\u03c1\u03c4\u03b7\u03b3\u03ce\u03bd \u0392\u03b1\u03bd | Van Rental Thessaloniki","isPartOf":{"@id":"https:\/\/vanrentalthessaloniki.gr\/de\/#website"},"datePublished":"2024-02-08T10:04:15+00:00","dateModified":"2024-02-29T16:03:50+00:00","breadcrumb":{"@id":"https:\/\/vanrentalthessaloniki.gr\/de\/sicherheit-von-transaktionen\/#breadcrumb"},"inLanguage":"de","potentialAction":[{"@type":"ReadAction","target":["https:\/\/vanrentalthessaloniki.gr\/de\/sicherheit-von-transaktionen\/"]}]},{"@type":"BreadcrumbList","@id":"https:\/\/vanrentalthessaloniki.gr\/de\/sicherheit-von-transaktionen\/#breadcrumb","itemListElement":[{"@type":"ListItem","position":1,"name":"\u0391\u03c1\u03c7\u03b9\u03ba\u03ae","item":"https:\/\/vanrentalthessaloniki.gr\/de\/"},{"@type":"ListItem","position":2,"name":"Sicherheit von Transaktionen"}]},{"@type":"WebSite","@id":"https:\/\/vanrentalthessaloniki.gr\/de\/#website","url":"https:\/\/vanrentalthessaloniki.gr\/de\/","name":"\u0395\u03bd\u03bf\u03b9\u03ba\u03b9\u03ac\u03c3\u03b5\u03b9\u03c2 \u03a6\u03bf\u03c1\u03c4\u03b7\u03b3\u03ce\u03bd \u0392\u03b1\u03bd | Van Rental Thessaloniki","description":"\u0395\u03bd\u03bf\u03b9\u03ba\u03b9\u03ac\u03c3\u03b5\u03b9\u03c2 \u03a6\u03bf\u03c1\u03c4\u03b7\u03b3\u03ce\u03bd \u0392\u03b1\u03bd, \u03a8\u03c5\u03b3\u03b5\u03af\u03c9\u03bd \u03ba\u03b1\u03b9 \u03b1\u03bd\u03bf\u03b9\u03c7\u03c4\u03ad\u03c2 \u03ba\u03b1\u03c1\u03cc\u03c4\u03c3\u03b5\u03c2","publisher":{"@id":"https:\/\/vanrentalthessaloniki.gr\/de\/#organization"},"potentialAction":[{"@type":"SearchAction","target":{"@type":"EntryPoint","urlTemplate":"https:\/\/vanrentalthessaloniki.gr\/de\/?s={search_term_string}"},"query-input":{"@type":"PropertyValueSpecification","valueRequired":true,"valueName":"search_term_string"}}],"inLanguage":"de"},{"@type":"Organization","@id":"https:\/\/vanrentalthessaloniki.gr\/de\/#organization","name":"\u0395\u03bd\u03bf\u03b9\u03ba\u03b9\u03ac\u03c3\u03b5\u03b9\u03c2 \u03a6\u03bf\u03c1\u03c4\u03b7\u03b3\u03ce\u03bd \u0392\u03b1\u03bd | Van Rental Thessaloniki","url":"https:\/\/vanrentalthessaloniki.gr\/de\/","logo":{"@type":"ImageObject","inLanguage":"de","@id":"https:\/\/vanrentalthessaloniki.gr\/de\/#\/schema\/logo\/image\/","url":"https:\/\/vanrentalthessaloniki.gr\/wp-content\/uploads\/2024\/02\/Logo-VanRentalThessaloniki-Skg-1.png","contentUrl":"https:\/\/vanrentalthessaloniki.gr\/wp-content\/uploads\/2024\/02\/Logo-VanRentalThessaloniki-Skg-1.png","width":964,"height":259,"caption":"\u0395\u03bd\u03bf\u03b9\u03ba\u03b9\u03ac\u03c3\u03b5\u03b9\u03c2 \u03a6\u03bf\u03c1\u03c4\u03b7\u03b3\u03ce\u03bd \u0392\u03b1\u03bd | Van Rental Thessaloniki"},"image":{"@id":"https:\/\/vanrentalthessaloniki.gr\/de\/#\/schema\/logo\/image\/"}}]}},"_links":{"self":[{"href":"https:\/\/vanrentalthessaloniki.gr\/de\/wp-json\/wp\/v2\/pages\/1672","targetHints":{"allow":["GET"]}}],"collection":[{"href":"https:\/\/vanrentalthessaloniki.gr\/de\/wp-json\/wp\/v2\/pages"}],"about":[{"href":"https:\/\/vanrentalthessaloniki.gr\/de\/wp-json\/wp\/v2\/types\/page"}],"author":[{"embeddable":true,"href":"https:\/\/vanrentalthessaloniki.gr\/de\/wp-json\/wp\/v2\/users\/1"}],"replies":[{"embeddable":true,"href":"https:\/\/vanrentalthessaloniki.gr\/de\/wp-json\/wp\/v2\/comments?post=1672"}],"version-history":[{"count":0,"href":"https:\/\/vanrentalthessaloniki.gr\/de\/wp-json\/wp\/v2\/pages\/1672\/revisions"}],"wp:attachment":[{"href":"https:\/\/vanrentalthessaloniki.gr\/de\/wp-json\/wp\/v2\/media?parent=1672"}],"curies":[{"name":"wp","href":"https:\/\/api.w.org\/{rel}","templated":true}]}}